{"id":6,"date":"2013-11-11T19:38:23","date_gmt":"2013-11-11T19:38:23","guid":{"rendered":"http:\/\/rurallascolonias.com.ar\/?page_id=6"},"modified":"2013-11-12T22:40:23","modified_gmt":"2013-11-12T22:40:23","slug":"servicios","status":"publish","type":"page","link":"http:\/\/rurallascolonias.com.ar\/?page_id=6","title":{"rendered":"Servicios"},"content":{"rendered":"<p>Los servicios tienen una fuerte relaci\u00f3n con las decisiones pol\u00edtico-institucionales que se adoptan dentro dela Comisi\u00f3n Directiva porque una vez que trascendieron el plano de lo conversado e ingresaron al terreno de lo concreto, all\u00ed el socio es quien eval\u00faa y, finalmente, acepta lo que se le oferta, como un objetivo previamente trazado. Esta es una entidad que ha privilegiado los servicios como una raz\u00f3n de ser a trav\u00e9s de su historia.<br \/>\nControl lechero o control de producci\u00f3n del ganado bovino: consiste en la medici\u00f3n de la leche producida individualmente por una vaca. Este se realiza mediante la visita peri\u00f3dico de un inspector a los tambos donde adem\u00e1s se recolectan datos de servicios, partos y nacimientos, toros padres y existencia de semen.<br \/>\nLa Soc. Rural de Las Colonias brinda este servicio desde fines de la d\u00e9cada del setenta y actualmente es una de las entidades con mayor cantidad de vacas en control del pa\u00eds. Es importante destacar que esta prestaci\u00f3n es la fundamental en la gama de servicios que brinda la instituci\u00f3n.<br \/>\nUn ejemplo es el control lechero que naci\u00f3 a principios de la d\u00e9cada de 1980, y que en estos d\u00edas se revaloriza el hecho de que no es casualidad que ALECOL este instalado en Esperanza, sino que es el fruto de la labor tesonera de la rural que lo logr\u00f3 con la firme convicci\u00f3n de lo que llegar\u00eda a representar en el futuro, sin dudas hoy un centro anal\u00edtico que es orgullo del centro santafesino.<br \/>\n\u2022\u00a0Registro de cr\u00edas: con los datos recolectados el d\u00eda de control lechero se tramita la inscripci\u00f3n de las hembras nacidas en el establecimiento. Estos datos se elevan ala Asociaci\u00f3n de Criadores de Holando Argentino (ACHA), que es la encargada de realizar la inscripci\u00f3n definitiva y emitir una ficha certificadora. El registro de cr\u00edas o RC equivale al ganado puro por cruza de otras asociaciones de criadores.<br \/>\nBanco de Pruebas de Lact\u00f3metros: surgi\u00f3 a ra\u00edz de un convenio que se firm\u00f3 con la Universidad Nacional del Litoral, a trav\u00e9s del cual se chequean y reparan los aparatos medidores de la leche utilizados en el control lechero. Dicho servicio se presta a todas las entidades en la zona litoral del pa\u00eds.<br \/>\nLa importancia de esta prestaci\u00f3n radica en los chequeos que son imprescindibles para mantener calibrados los equipos, permitiendo as\u00ed participar en la validaci\u00f3n internacional de las lactancias obtenidas, las que luego se utilizan para las pruebas de progenie.<\/p>\n","protected":false},"excerpt":{"rendered":"<p>Los servicios tienen una fuerte relaci\u00f3n con las decisiones pol\u00edtico-institucionales que se adoptan dentro dela Comisi\u00f3n Directiva porque una vez que trascendieron el plano de lo conversado e ingresaron al terreno de lo concreto, all\u00ed el socio es quien eval\u00faa y, finalmente, acepta lo que se le oferta, como un objetivo previamente trazado. Esta es [&hellip;]<\/p>\n","protected":false},"author":1,"featured_media":0,"parent":0,"menu_order":0,"comment_status":"closed","ping_status":"closed","template":"","meta":[],"_links":{"self":[{"href":"http:\/\/rurallascolonias.com.ar\/index.php?rest_route=\/wp\/v2\/pages\/6"}],"collection":[{"href":"http:\/\/rurallascolonias.com.ar\/index.php?rest_route=\/wp\/v2\/pages"}],"about":[{"href":"http:\/\/rurallascolonias.com.ar\/index.php?rest_route=\/wp\/v2\/types\/page"}],"author":[{"embeddable":true,"href":"http:\/\/rurallascolonias.com.ar\/index.php?rest_route=\/wp\/v2\/users\/1"}],"replies":[{"embeddable":true,"href":"http:\/\/rurallascolonias.com.ar\/index.php?rest_route=%2Fwp%2Fv2%2Fcomments&post=6"}],"version-history":[{"count":2,"href":"http:\/\/rurallascolonias.com.ar\/index.php?rest_route=\/wp\/v2\/pages\/6\/revisions"}],"predecessor-version":[{"id":65,"href":"http:\/\/rurallascolonias.com.ar\/index.php?rest_route=\/wp\/v2\/pages\/6\/revisions\/65"}],"wp:attachment":[{"href":"http:\/\/rurallascolonias.com.ar\/index.php?rest_route=%2Fwp%2Fv2%2Fmedia&parent=6"}],"curies":[{"name":"wp","href":"https:\/\/api.w.org\/{rel}","templated":true}]}}