{"id":35,"date":"2013-11-11T19:50:51","date_gmt":"2013-11-11T19:50:51","guid":{"rendered":"http:\/\/rurallascolonias.com.ar\/?page_id=35"},"modified":"2018-05-22T00:04:54","modified_gmt":"2018-05-22T00:04:54","slug":"uso-de-salones","status":"publish","type":"page","link":"http:\/\/rurallascolonias.com.ar\/?page_id=35","title":{"rendered":"Uso de salones"},"content":{"rendered":"<p><em><strong><a href=\"http:\/\/rurallascolonias.com.ar\/?attachment_id=16407\" rel=\"attachment wp-att-16407\"><img loading=\"lazy\" class=\"aligncenter size-full wp-image-16407\" src=\"http:\/\/rurallascolonias.com.ar\/wp-content\/uploads\/2018\/05\/salon.jpg\" alt=\"\" width=\"887\" height=\"368\" srcset=\"http:\/\/rurallascolonias.com.ar\/wp-content\/uploads\/2018\/05\/salon.jpg 887w, http:\/\/rurallascolonias.com.ar\/wp-content\/uploads\/2018\/05\/salon-300x124.jpg 300w, http:\/\/rurallascolonias.com.ar\/wp-content\/uploads\/2018\/05\/salon-768x319.jpg 768w, http:\/\/rurallascolonias.com.ar\/wp-content\/uploads\/2018\/05\/salon-600x249.jpg 600w, http:\/\/rurallascolonias.com.ar\/wp-content\/uploads\/2018\/05\/salon-624x259.jpg 624w\" sizes=\"(max-width: 887px) 100vw, 887px\" \/><\/a>Uso de salones<\/strong><\/em><\/p>\n<p>Sal\u00f3n de calle Moreno\u00a0 2230: ideal para cursos, charlas, conferencias y reuniones varias<\/p>\n<p>Sal\u00f3n Predio Rural ubicado en ruta 70 Km 26: ideal para todo tipo de fiestas (casamientos, 15 a\u00f1os, aniversarios, eventos gastron\u00f3micos, etc)<\/p>\n","protected":false},"excerpt":{"rendered":"<p>Uso de salones Sal\u00f3n de calle Moreno\u00a0 2230: ideal para cursos, charlas, conferencias y reuniones varias Sal\u00f3n Predio Rural ubicado en ruta 70 Km 26: ideal para todo tipo de fiestas (casamientos, 15 a\u00f1os, aniversarios, eventos gastron\u00f3micos, etc)<\/p>\n","protected":false},"author":1,"featured_media":0,"parent":0,"menu_order":0,"comment_status":"closed","ping_status":"closed","template":"","meta":[],"_links":{"self":[{"href":"http:\/\/rurallascolonias.com.ar\/index.php?rest_route=\/wp\/v2\/pages\/35"}],"collection":[{"href":"http:\/\/rurallascolonias.com.ar\/index.php?rest_route=\/wp\/v2\/pages"}],"about":[{"href":"http:\/\/rurallascolonias.com.ar\/index.php?rest_route=\/wp\/v2\/types\/page"}],"author":[{"embeddable":true,"href":"http:\/\/rurallascolonias.com.ar\/index.php?rest_route=\/wp\/v2\/users\/1"}],"replies":[{"embeddable":true,"href":"http:\/\/rurallascolonias.com.ar\/index.php?rest_route=%2Fwp%2Fv2%2Fcomments&post=35"}],"version-history":[{"count":3,"href":"http:\/\/rurallascolonias.com.ar\/index.php?rest_route=\/wp\/v2\/pages\/35\/revisions"}],"predecessor-version":[{"id":16410,"href":"http:\/\/rurallascolonias.com.ar\/index.php?rest_route=\/wp\/v2\/pages\/35\/revisions\/16410"}],"wp:attachment":[{"href":"http:\/\/rurallascolonias.com.ar\/index.php?rest_route=%2Fwp%2Fv2%2Fmedia&parent=35"}],"curies":[{"name":"wp","href":"https:\/\/api.w.org\/{rel}","templated":true}]}}