{"id":31,"date":"2013-11-11T19:50:10","date_gmt":"2013-11-11T19:50:10","guid":{"rendered":"http:\/\/rurallascolonias.com.ar\/?page_id=31"},"modified":"2013-11-12T22:39:07","modified_gmt":"2013-11-12T22:39:07","slug":"accion-gremial","status":"publish","type":"page","link":"http:\/\/rurallascolonias.com.ar\/?page_id=31","title":{"rendered":"Acci\u00f3n gremial"},"content":{"rendered":"<p>CARSFE y nuestra Entidad<br \/>\nLa Sociedad Rural de Las Colonias, y m\u00e1s de 30 asociaciones similares de nuestra provincia, se hallan adheridas a la Confederaci\u00f3n de Asociaciones Rurales de Santa Fe (CARSFE), que es una entidad de segundo grado dirigida por un Consejo Directivo.<br \/>\nLa Sociedad Rural de Las Colonias, en particular, participa activamente en cada reuni\u00f3n mensual del referido Consejo, que generalmente se desarrolla el primer viernes de cada mes.<br \/>\nCabe destacar que en estos encuentros los delegados presentan los problemas o inquietudes y CARSFE, posteriormente, realiza las gestiones correspondientes al nivel de las autoridades de la provincia, a los efectos de encontrar una respuesta.<br \/>\nEn otro orden de acciones la instituci\u00f3n tambi\u00e9n es un veh\u00edculo de comunicaci\u00f3n de todas las novedades del sector agropecuario que se producen en los \u00e1mbitos nacional y provincial, y que repercuten en la vida de cada una de las entidades que le dan sustento institucional a la Confederaci\u00f3n de Asociaciones Rurales de Santa Fe. Es importante se\u00f1alar que m\u00e1s all\u00e1 de lo destacado, CARSFE es la suma del trabajo gremial del campo contenido en las diversas sociedades rurales, distribuidas en los cuatro puntos cardinales de Santa Fe.<br \/>\nLas entidades de Primer Grado (sociedades rurales) deben insertarse dentro de una de Segundo Grado o Tercer Grado, porque es la manera de hacer conocer las necesidades de las bases (su gente) en los centros de poder. De lo contrario no tienen acceso a los mismos y se hace muy dif\u00edcil el camino para encontrar soluciones. De esto se deduce lo significativo que es formar parte de una estructura donde todos sus integrantes tienen el mismo objetivo y que trabajan de manera coordinada como lo hace CARSFE, junto a sus entes que le dan vida, y al mismo tiempo CARSFE y CRA (Confederaciones Rurales Argentinas), el grupo madre, que une a todas las Confederaciones de las provincias.<\/p>\n","protected":false},"excerpt":{"rendered":"<p>CARSFE y nuestra Entidad La Sociedad Rural de Las Colonias, y m\u00e1s de 30 asociaciones similares de nuestra provincia, se hallan adheridas a la Confederaci\u00f3n de Asociaciones Rurales de Santa Fe (CARSFE), que es una entidad de segundo grado dirigida por un Consejo Directivo. La Sociedad Rural de Las Colonias, en particular, participa activamente en [&hellip;]<\/p>\n","protected":false},"author":1,"featured_media":0,"parent":0,"menu_order":0,"comment_status":"closed","ping_status":"closed","template":"","meta":[],"_links":{"self":[{"href":"http:\/\/rurallascolonias.com.ar\/index.php?rest_route=\/wp\/v2\/pages\/31"}],"collection":[{"href":"http:\/\/rurallascolonias.com.ar\/index.php?rest_route=\/wp\/v2\/pages"}],"about":[{"href":"http:\/\/rurallascolonias.com.ar\/index.php?rest_route=\/wp\/v2\/types\/page"}],"author":[{"embeddable":true,"href":"http:\/\/rurallascolonias.com.ar\/index.php?rest_route=\/wp\/v2\/users\/1"}],"replies":[{"embeddable":true,"href":"http:\/\/rurallascolonias.com.ar\/index.php?rest_route=%2Fwp%2Fv2%2Fcomments&post=31"}],"version-history":[{"count":2,"href":"http:\/\/rurallascolonias.com.ar\/index.php?rest_route=\/wp\/v2\/pages\/31\/revisions"}],"predecessor-version":[{"id":64,"href":"http:\/\/rurallascolonias.com.ar\/index.php?rest_route=\/wp\/v2\/pages\/31\/revisions\/64"}],"wp:attachment":[{"href":"http:\/\/rurallascolonias.com.ar\/index.php?rest_route=%2Fwp%2Fv2%2Fmedia&parent=31"}],"curies":[{"name":"wp","href":"https:\/\/api.w.org\/{rel}","templated":true}]}}