{"id":27,"date":"2013-11-11T19:49:46","date_gmt":"2013-11-11T19:49:46","guid":{"rendered":"http:\/\/rurallascolonias.com.ar\/?page_id=27"},"modified":"2013-11-12T22:39:39","modified_gmt":"2013-11-12T22:39:39","slug":"grupos-de-trabajo","status":"publish","type":"page","link":"http:\/\/rurallascolonias.com.ar\/?page_id=27","title":{"rendered":"Grupos de trabajo"},"content":{"rendered":"<p><b><span style=\"text-decoration: underline;\">Lecher\u00eda<\/span><\/b><\/p>\n<p><i><span style=\"text-decoration: underline;\">Gremial\u00a0\u00a0<\/span><\/i><\/p>\n<ul>\n<li>Ricardo Perrig y\u00a0Gustavo Vionnet<\/li>\n<\/ul>\n<p>T\u00e9cnica: Jos\u00e9 B\u00e9rtoli<\/p>\n<p>&nbsp;<\/p>\n<p>\u00a0<b><span style=\"text-decoration: underline;\">Carnes\u00a0<\/span><\/b><\/p>\n<ul>\n<li>Eugenio Caussi, Jos\u00e9 Alonso y Diego Alonso<\/li>\n<\/ul>\n<p>&nbsp;<\/p>\n<p><b><span style=\"text-decoration: underline;\">Jur\u00eddica y contable<\/span><\/b><\/p>\n<p>Cdor. Guillermo Steffen y el Ab. Alberto Lisandro Qui\u00f1\u00f3nez.<\/p>\n<p>&nbsp;<\/p>\n<p><b><span style=\"text-decoration: underline;\">Prensa y difusi\u00f3n\u00a0<\/span><\/b><\/p>\n<p>Gustavo Vionnet y Pedro Weidmann<\/p>\n<p>&nbsp;<\/p>\n<p><b><span style=\"text-decoration: underline;\">Agricultura\u00a0<\/span><\/b><span style=\"text-decoration: underline;\">\u00a0<\/span><\/p>\n<p>Jos\u00e9 Alonso<\/p>\n<p>&nbsp;<\/p>\n<p><b><span style=\"text-decoration: underline;\">Infraestructura<\/span><\/b><\/p>\n<p>Luis Zurverra y Ricardo Perrig<\/p>\n<p>&nbsp;<\/p>\n<p><b><span style=\"text-decoration: underline;\">Desarrollo institucional\u00a0<\/span><\/b><\/p>\n<p>Gustavo Vionnet\u00a0 y Jos\u00e9 Perren.<\/p>\n<p>&nbsp;<\/p>\n<p><span style=\"text-decoration: underline;\">C<b>erdos<\/b><\/span><\/p>\n<p>Danilo Steffen y Pedro Weidmann.<\/p>\n<p>&nbsp;<\/p>\n<p>\u00a0<b><span style=\"text-decoration: underline;\">Control Instalaciones Ruta 70<\/span><\/b><\/p>\n<p>Eugenio Caussi<\/p>\n<p>&nbsp;<\/p>\n<p><b><span style=\"text-decoration: underline;\">Festejos<\/span><\/b><\/p>\n<p>Ricardo Perrig, Federico Vionnet y Mauricio Minetti<\/p>\n","protected":false},"excerpt":{"rendered":"<p>Lecher\u00eda Gremial\u00a0\u00a0 Ricardo Perrig y\u00a0Gustavo Vionnet T\u00e9cnica: Jos\u00e9 B\u00e9rtoli &nbsp; \u00a0Carnes\u00a0 Eugenio Caussi, Jos\u00e9 Alonso y Diego Alonso &nbsp; Jur\u00eddica y contable Cdor. Guillermo Steffen y el Ab. Alberto Lisandro Qui\u00f1\u00f3nez. &nbsp; Prensa y difusi\u00f3n\u00a0 Gustavo Vionnet y Pedro Weidmann &nbsp; Agricultura\u00a0\u00a0 Jos\u00e9 Alonso &nbsp; Infraestructura Luis Zurverra y Ricardo Perrig &nbsp; Desarrollo institucional\u00a0 Gustavo [&hellip;]<\/p>\n","protected":false},"author":1,"featured_media":0,"parent":0,"menu_order":0,"comment_status":"closed","ping_status":"closed","template":"","meta":[],"_links":{"self":[{"href":"http:\/\/rurallascolonias.com.ar\/index.php?rest_route=\/wp\/v2\/pages\/27"}],"collection":[{"href":"http:\/\/rurallascolonias.com.ar\/index.php?rest_route=\/wp\/v2\/pages"}],"about":[{"href":"http:\/\/rurallascolonias.com.ar\/index.php?rest_route=\/wp\/v2\/types\/page"}],"author":[{"embeddable":true,"href":"http:\/\/rurallascolonias.com.ar\/index.php?rest_route=\/wp\/v2\/users\/1"}],"replies":[{"embeddable":true,"href":"http:\/\/rurallascolonias.com.ar\/index.php?rest_route=%2Fwp%2Fv2%2Fcomments&post=27"}],"version-history":[{"count":3,"href":"http:\/\/rurallascolonias.com.ar\/index.php?rest_route=\/wp\/v2\/pages\/27\/revisions"}],"predecessor-version":[{"id":63,"href":"http:\/\/rurallascolonias.com.ar\/index.php?rest_route=\/wp\/v2\/pages\/27\/revisions\/63"}],"wp:attachment":[{"href":"http:\/\/rurallascolonias.com.ar\/index.php?rest_route=%2Fwp%2Fv2%2Fmedia&parent=27"}],"curies":[{"name":"wp","href":"https:\/\/api.w.org\/{rel}","templated":true}]}}