{"id":25,"date":"2013-11-11T19:49:13","date_gmt":"2013-11-11T19:49:13","guid":{"rendered":"http:\/\/rurallascolonias.com.ar\/?page_id=25"},"modified":"2019-11-26T17:18:50","modified_gmt":"2019-11-26T17:18:50","slug":"comision-directiva","status":"publish","type":"page","link":"http:\/\/rurallascolonias.com.ar\/?page_id=25","title":{"rendered":"Comisi\u00f3n directiva"},"content":{"rendered":"<p><strong>Comisi\u00f3n Directiva per\u00edodo 2018-2020<\/strong><br \/>\nPresidente\u00a0 \u00a0 \u00a0 \u00a0 \u00a0 \u00a0M\u00e9d. Vet. Diego Alonso<br \/>\nVicepresidente\u00a0 \u00a0 Luis Zurverra<br \/>\nSecretario \u00a0 \u00a0 \u00a0 \u00a0 \u00a0 Mauricio Minetti\u00a0 \u00a0 \u00a0 \u00a0 \u00a0 \u00a0 \u00a0 \u00a0 \u00a0 \u00a0 \u00a0 \u00a0 \u00a0 \u00a0 \u00a0 \u00a0 \u00a0 \u00a0 \u00a0 \u00a0 \u00a0 \u00a0 \u00a0 \u00a0 \u00a0 \u00a0 \u00a0 \u00a0 \u00a0 \u00a0 \u00a0 \u00a0 \u00a0 \u00a0 \u00a0 \u00a0 \u00a0 \u00a0 \u00a0 \u00a0 \u00a0 \u00a0 \u00a0 \u00a0 \u00a0 \u00a0 \u00a0 \u00a0 \u00a0 \u00a0 \u00a0 \u00a0 \u00a0 \u00a0 \u00a0 \u00a0 \u00a0 Pro Secretario\u00a0 \u00a0 Lucas Farioli\u00a0 \u00a0\u00a0\u00a0 \u00a0 \u00a0 \u00a0 \u00a0 \u00a0 \u00a0 \u00a0 \u00a0 \u00a0 \u00a0 \u00a0 \u00a0 \u00a0 \u00a0 \u00a0 \u00a0 \u00a0 \u00a0 \u00a0 \u00a0 \u00a0 \u00a0 \u00a0 \u00a0 \u00a0 \u00a0 \u00a0 \u00a0 \u00a0 \u00a0 \u00a0 \u00a0 \u00a0 \u00a0 \u00a0 \u00a0 \u00a0 \u00a0 \u00a0 \u00a0 \u00a0 \u00a0 \u00a0 \u00a0 \u00a0 \u00a0 \u00a0 \u00a0 \u00a0 \u00a0 Tesorero \u00a0 \u00a0 \u00a0 \u00a0 \u00a0 \u00a0 \u00a0Ing. Agr. Jos\u00e9 Luis Alonso\u00a0\u00a0 \u00a0 \u00a0 \u00a0 \u00a0 \u00a0 \u00a0 \u00a0 \u00a0 \u00a0 \u00a0 \u00a0 \u00a0 \u00a0 \u00a0 \u00a0 \u00a0 \u00a0 \u00a0 \u00a0 \u00a0 \u00a0 \u00a0 \u00a0 \u00a0 \u00a0 \u00a0 \u00a0 \u00a0 \u00a0 \u00a0 \u00a0 \u00a0 \u00a0 \u00a0 \u00a0 \u00a0 \u00a0 \u00a0 \u00a0 \u00a0 \u00a0 \u00a0 \u00a0 \u00a0 \u00a0 \u00a0 \u00a0 Pro tesorero\u00a0 \u00a0 \u00a0 \u00a0Eric Pogliani<\/p>\n<p>Vocales:<\/p>\n<p>1\u00a0 Marcelo D\u00e1ndolo<\/p>\n<p><span style=\"font-size: 1rem;\">2\u00a0\u00a0Miguel Galiasso<\/span><\/p>\n<p>3\u00a0 Federico Vionnet<\/p>\n<p>4\u00a0 Danilo Steffen<\/p>\n<p>5 Fernando Riva<\/p>\n<p>6 Augusto Daffner<\/p>\n<p>7 Eugenio Caussi<\/p>\n<p>8 Gustavo Vionnet<\/p>\n<p>Revisores de cuenta titulares:<\/p>\n<p>1 Walter Coraglia<\/p>\n<p>2 Hern\u00e1n Presser<\/p>\n<p>3 Ezequiel Perrig<\/p>\n<p>Revisores de cuenta suplentes:<\/p>\n<p>1 Silvio Cuaini<\/p>\n<p>2 Jos\u00e9 Perren<\/p>\n<p>3 Eduardo Weidmannn<\/p>\n<p>S\u00edndico:<\/p>\n<p>Dr. Alberto Lisandro Qui\u00f1onez<\/p>\n<p>&nbsp;<\/p>\n","protected":false},"excerpt":{"rendered":"<p>Comisi\u00f3n Directiva per\u00edodo 2018-2020 Presidente\u00a0 \u00a0 \u00a0 \u00a0 \u00a0 \u00a0M\u00e9d. Vet. Diego Alonso Vicepresidente\u00a0 \u00a0 Luis Zurverra Secretario \u00a0 \u00a0 \u00a0 \u00a0 \u00a0 Mauricio Minetti\u00a0 \u00a0 \u00a0 \u00a0 \u00a0 \u00a0 \u00a0 \u00a0 \u00a0 \u00a0 \u00a0 \u00a0 \u00a0 \u00a0 \u00a0 \u00a0 \u00a0 \u00a0 \u00a0 \u00a0 \u00a0 \u00a0 \u00a0 \u00a0 \u00a0 \u00a0 \u00a0 \u00a0 \u00a0 \u00a0 \u00a0 [&hellip;]<\/p>\n","protected":false},"author":1,"featured_media":0,"parent":0,"menu_order":0,"comment_status":"closed","ping_status":"closed","template":"","meta":[],"_links":{"self":[{"href":"http:\/\/rurallascolonias.com.ar\/index.php?rest_route=\/wp\/v2\/pages\/25"}],"collection":[{"href":"http:\/\/rurallascolonias.com.ar\/index.php?rest_route=\/wp\/v2\/pages"}],"about":[{"href":"http:\/\/rurallascolonias.com.ar\/index.php?rest_route=\/wp\/v2\/types\/page"}],"author":[{"embeddable":true,"href":"http:\/\/rurallascolonias.com.ar\/index.php?rest_route=\/wp\/v2\/users\/1"}],"replies":[{"embeddable":true,"href":"http:\/\/rurallascolonias.com.ar\/index.php?rest_route=%2Fwp%2Fv2%2Fcomments&post=25"}],"version-history":[{"count":13,"href":"http:\/\/rurallascolonias.com.ar\/index.php?rest_route=\/wp\/v2\/pages\/25\/revisions"}],"predecessor-version":[{"id":18197,"href":"http:\/\/rurallascolonias.com.ar\/index.php?rest_route=\/wp\/v2\/pages\/25\/revisions\/18197"}],"wp:attachment":[{"href":"http:\/\/rurallascolonias.com.ar\/index.php?rest_route=%2Fwp%2Fv2%2Fmedia&parent=25"}],"curies":[{"name":"wp","href":"https:\/\/api.w.org\/{rel}","templated":true}]}}