{"id":23,"date":"2013-11-11T19:48:59","date_gmt":"2013-11-11T19:48:59","guid":{"rendered":"http:\/\/rurallascolonias.com.ar\/?page_id=23"},"modified":"2013-11-12T22:40:11","modified_gmt":"2013-11-12T22:40:11","slug":"objetivos","status":"publish","type":"page","link":"http:\/\/rurallascolonias.com.ar\/?page_id=23","title":{"rendered":"Objetivos"},"content":{"rendered":"<p>De acuerdo a los estatutos son\u00a0 fines de esta asociaci\u00f3n:<br \/>\n\u2022\u00a0Fomentar el desarrollo y refinanciamiento de la ganader\u00eda y agricultura.<br \/>\n\u2022\u00a0Contribuir el adelanto de la industria y el comercio vinculado al agro.<br \/>\n\u2022\u00a0Propiciar la instalaci\u00f3n de plantas industrializadoras de leche, granos, carnes y productos de granja.<br \/>\n\u2022\u00a0Propender el establecimiento de escuelas agr\u00edcolas ganaderas.<br \/>\n\u2022\u00a0Efectuar concursos, exposiciones, remates ferias y cualquier otra organizaci\u00f3n similar.<br \/>\n\u2022\u00a0Coadyuvar con las dem\u00e1s entidades en la defensa de los intereses agrarios.<br \/>\n\u2022\u00a0Promover el arraigo del hombre en el campo y el mejoramiento en la vida rural en todos los aspectos.<br \/>\n\u2022\u00a0Establecer consultorios jur\u00eddicos y agr\u00edcolas ganaderos.<br \/>\n\u2022\u00a0Colaborar con los poderes p\u00fablicos en las disposiciones que beneficien a los productores.<br \/>\n\u2022\u00a0Expandir el esp\u00edritu de camarader\u00eda y uni\u00f3n entre sus asociados.<br \/>\n\u2022\u00a0Realizar todos aquellos actos y gestiones que contribuyen al engrandecimiento de la sociedad.<br \/>\n\u2022\u00a0La sociedad ser\u00e1 ajena a toda actividad pol\u00edtica partidaria y religiosa.<\/p>\n","protected":false},"excerpt":{"rendered":"<p>De acuerdo a los estatutos son\u00a0 fines de esta asociaci\u00f3n: \u2022\u00a0Fomentar el desarrollo y refinanciamiento de la ganader\u00eda y agricultura. \u2022\u00a0Contribuir el adelanto de la industria y el comercio vinculado al agro. \u2022\u00a0Propiciar la instalaci\u00f3n de plantas industrializadoras de leche, granos, carnes y productos de granja. \u2022\u00a0Propender el establecimiento de escuelas agr\u00edcolas ganaderas. \u2022\u00a0Efectuar concursos, [&hellip;]<\/p>\n","protected":false},"author":1,"featured_media":0,"parent":0,"menu_order":0,"comment_status":"closed","ping_status":"closed","template":"","meta":[],"_links":{"self":[{"href":"http:\/\/rurallascolonias.com.ar\/index.php?rest_route=\/wp\/v2\/pages\/23"}],"collection":[{"href":"http:\/\/rurallascolonias.com.ar\/index.php?rest_route=\/wp\/v2\/pages"}],"about":[{"href":"http:\/\/rurallascolonias.com.ar\/index.php?rest_route=\/wp\/v2\/types\/page"}],"author":[{"embeddable":true,"href":"http:\/\/rurallascolonias.com.ar\/index.php?rest_route=\/wp\/v2\/users\/1"}],"replies":[{"embeddable":true,"href":"http:\/\/rurallascolonias.com.ar\/index.php?rest_route=%2Fwp%2Fv2%2Fcomments&post=23"}],"version-history":[{"count":3,"href":"http:\/\/rurallascolonias.com.ar\/index.php?rest_route=\/wp\/v2\/pages\/23\/revisions"}],"predecessor-version":[{"id":58,"href":"http:\/\/rurallascolonias.com.ar\/index.php?rest_route=\/wp\/v2\/pages\/23\/revisions\/58"}],"wp:attachment":[{"href":"http:\/\/rurallascolonias.com.ar\/index.php?rest_route=%2Fwp%2Fv2%2Fmedia&parent=23"}],"curies":[{"name":"wp","href":"https:\/\/api.w.org\/{rel}","templated":true}]}}